{"id":2167,"date":"2025-07-28T16:14:27","date_gmt":"2025-07-28T16:14:27","guid":{"rendered":"https:\/\/nativetranslation.org\/?page_id=2167"},"modified":"2025-07-28T17:29:16","modified_gmt":"2025-07-28T17:29:16","slug":"blog-posts","status":"publish","type":"page","link":"https:\/\/nativetranslation.org\/es\/blog-posts\/","title":{"rendered":"Entradas de blog"},"content":{"rendered":"<div data-elementor-type=\"wp-page\" data-elementor-id=\"2167\" class=\"elementor elementor-2167\">\n\t\t\t\t<div class=\"elementor-element elementor-element-639dbfe e-flex e-con-boxed e-con e-parent\" data-id=\"639dbfe\" data-element_type=\"container\" data-e-type=\"container\">\n\t\t\t\t\t<div class=\"e-con-inner\">\n\t\t\t\t<div class=\"elementor-element elementor-element-3d7c30e elementor-widget elementor-widget-spacer\" data-id=\"3d7c30e\" data-element_type=\"widget\" data-e-type=\"widget\" data-widget_type=\"spacer.default\">\n\t\t\t\t\t\t\t<div class=\"elementor-spacer\">\n\t\t\t<div class=\"elementor-spacer-inner\"><\/div>\n\t\t<\/div>\n\t\t\t\t\t\t<\/div>\n\t\t\t\t\t<\/div>\n\t\t\t\t<\/div>\n\t\t<div class=\"elementor-element elementor-element-3efbaf9 e-flex e-con-boxed e-con e-parent\" data-id=\"3efbaf9\" data-element_type=\"container\" data-e-type=\"container\">\n\t\t\t\t\t<div class=\"e-con-inner\">\n\t\t\t\t<div class=\"elementor-element elementor-element-921a8b2 meta-visibility-show section-title-style-style1 title_position_default title_hover_border_default title-default img_hover_animation_default meta_position_default tpg-category-position-default readmore-btn-default-style grid-hover-overlay-type-always tpg-el-box-border-enable tpg-border-bottom-disable elementor-widget elementor-widget-tpg-grid-layout\" data-id=\"921a8b2\" data-element_type=\"widget\" data-e-type=\"widget\" data-widget_type=\"tpg-grid-layout.default\">\n\t\t\t\t<div class=\"elementor-widget-container\">\n\t\t\t\t\t\t\t<div class=\"rt-container-fluid rt-tpg-container tpg-el-main-wrapper clearfix grid-layout1-main\"\n\t\t\t id=\"rt-tpg-container-758238344\"\n\t\t\t data-layout=\"grid-layout1\"\n\t\t\t data-grid-style=\"tpg-full-height\"\n\t\t\t data-sc-id=\"elementor\"\n\t\t\t data-el-settings=''\n\t\t\t data-el-query=''\n\t\t\t data-el-path=''\n\t\t>\n\t\t\t\t\t\t<div class='tpg-header-wrapper'>\n\t\t\t\t\n        <div class=\"tpg-widget-heading-wrapper rt-clear heading-style1\">\n            <span class=\"tpg-widget-heading-line line-left\"><\/span>\n            <h2 class='tpg-widget-heading'>\n            \n                                    <span>\n\t\t\t\t\t\tNative Translation Services \t\t\t\t\t<\/span>\n                    \n                            <\/h2>            <span class=\"tpg-widget-heading-line line-right\"><\/span>\n\n            \n        <\/div>\n\n        \n        \t\t\t<\/div>\n\n\t\t\t<div data-title=\"Loading ...\" class=\"rt-row rt-content-loader grid-layout1 grid-behaviour tpg-full-height grid_layout_wrapper\">\n\t\t\t\t<div class=\"rt-col-md-12 rt-col-sm-6 rt-col-xs-12 default rt-grid-item post-2209 post type-post status-publish format-standard has-post-thumbnail hentry category-interpretation-services tag-interpretation tag-uscis-interview\"        data-id=\"2209\">\n    <div class=\"rt-holder tpg-post-holder\">\n        <div class=\"rt-detail rt-el-content-wrapper\">\n\t\t\t                <div class=\"rt-img-holder tpg-el-image-wrap has-thumbnail\">\n\t\t\t\t\t<a data-id=\"2209\" href=\"https:\/\/nativetranslation.org\/es\/2025\/08\/01\/you-need-an-interpreter-for-your-uscis-interview\/\" class=\"tpg-post-link\" target=\"_self\">                        <img fetchpriority=\"high\" decoding=\"async\" src=\"https:\/\/nativetranslation.org\/wp-content\/uploads\/2025\/08\/USCIS-interview-Interpreter-768x514.jpg\"\n                             class=\"rt-img-responsive\"\n                             width=\"768\"\n                             height=\"514\"\n                             alt=\"Your USCIS appointment is coming up and you need an interpreter? We&#8217;re here for you\">\n                        \n                            \n        <\/a>\n                <div class=\"overlay grid-hover-content\"><\/div>\n                        <\/div>\n\t\t\t\n\t\t\t<div class=\"entry-title-wrapper\"><h3 class=\"entry-title\"><a data-id=\"2209\" href=\"https:\/\/nativetranslation.org\/es\/2025\/08\/01\/you-need-an-interpreter-for-your-uscis-interview\/\" class=\"tpg-post-link\" target=\"_self\">\u00bfSe acerca su cita con el USCIS y necesita un int\u00e9rprete? Estamos aqu\u00ed para ayudarle.<\/a><\/h3><\/div>\n\t\t\t                <div class=\"post-meta-tags rt-el-post-meta\">\n\t\t\t\t\t            <span class='date'>\n\t\t\t\t<i class='far fa-calendar-alt'><\/i>                                    <a href=\"https:\/\/nativetranslation.org\/es\/2025\/08\/01\/\">\n\t\t\t\t\t1 de agosto de 2025\t\t\t\t<\/a>\n                \t\t\t<\/span>\n                        <span class='categories-links'>\n\t\t\t\t<i class='fas fa-folder-open'><\/i><a class=\"interpretation-services\" href=\"https:\/\/nativetranslation.org\/es\/category\/interpretation-services\/\">Servicios de interpretaci\u00f3n<\/a>\t\t\t<\/span>\n                            <\/div>\n\t\t\t\n\n\t\t\t                <div class=\"tpg-excerpt tpg-el-excerpt\">\n\t\t\t\t\t                        <div class=\"tpg-excerpt-inner\">\n\t\t\t\t\t\t\tSabemos lo importante que es esta entrevista para usted y su familia. Si tiene una cita con USCIS o est\u00e1 tramitando asilo, ajuste de estatus o naturalizaci\u00f3n, queremos que...                        <\/div>\n\t\t\t\t\t\t\t\t\t\t                <\/div>\n\t\t\t\n\t\t\t        <div class=\"post-footer\">\n            <div class=\"post-footer\">\n                <div class=\"read-more\">\n                    <a data-id=\"2209\" href=\"https:\/\/nativetranslation.org\/es\/2025\/08\/01\/you-need-an-interpreter-for-your-uscis-interview\/\" class=\"tpg-post-link\" target=\"_self\">Leer m\u00e1s<\/a>                <\/div>\n            <\/div>\n        <\/div>\n                <\/div>\n    <\/div>\n<\/div>\n\t\t\t<\/div>\n\t\t\t\n\t\t<\/div>\n\t\t\t\t\t\t<\/div>\n\t\t\t\t<\/div>\n\t\t\t\t\t<\/div>\n\t\t\t\t<\/div>\n\t\t<div class=\"elementor-element elementor-element-b1ef4c1 e-flex e-con-boxed e-con e-parent\" data-id=\"b1ef4c1\" data-element_type=\"container\" data-e-type=\"container\">\n\t\t\t\t\t<div class=\"e-con-inner\">\n\t\t\t\t<div class=\"elementor-element elementor-element-99edcfe meta-visibility-show section-title-style-style1 title_position_default title_hover_border_default title-default img_hover_animation_default meta_position_default tpg-category-position-default readmore-btn-default-style grid-hover-overlay-type-always tpg-el-box-border-enable tpg-border-bottom-disable elementor-widget elementor-widget-tpg-grid-layout\" data-id=\"99edcfe\" data-element_type=\"widget\" data-e-type=\"widget\" data-widget_type=\"tpg-grid-layout.default\">\n\t\t\t\t<div class=\"elementor-widget-container\">\n\t\t\t\t\t\t\t<div class=\"rt-container-fluid rt-tpg-container tpg-el-main-wrapper clearfix grid-layout1-main\"\n\t\t\t id=\"rt-tpg-container-3793854071\"\n\t\t\t data-layout=\"grid-layout1\"\n\t\t\t data-grid-style=\"tpg-full-height\"\n\t\t\t data-sc-id=\"elementor\"\n\t\t\t data-el-settings=''\n\t\t\t data-el-query=''\n\t\t\t data-el-path=''\n\t\t>\n\t\t\t\t\t\t<div class='tpg-header-wrapper'>\n\t\t\t\t\n        <div class=\"tpg-widget-heading-wrapper rt-clear heading-style1\">\n            <span class=\"tpg-widget-heading-line line-left\"><\/span>\n            <h2 class='tpg-widget-heading'>\n            \n                                    <span>\n\t\t\t\t\t\tPublicaciones destacadas\t\t\t\t\t<\/span>\n                    \n                            <\/h2>            <span class=\"tpg-widget-heading-line line-right\"><\/span>\n\n            \n        <\/div>\n\n        \n        \t\t\t<\/div>\n\n\t\t\t<div data-title=\"Loading ...\" class=\"rt-row rt-content-loader grid-layout1 grid-behaviour tpg-full-height grid_layout_wrapper\">\n\t\t\t\t<div class=\"rt-col-md-4 rt-col-sm-6 rt-col-xs-12 default rt-grid-item post-2199 post type-post status-publish format-standard has-post-thumbnail hentry category-interpretation-services category-translation-services tag-community-interpretation\"        data-id=\"2199\">\n    <div class=\"rt-holder tpg-post-holder\">\n        <div class=\"rt-detail rt-el-content-wrapper\">\n\t\t\t                <div class=\"rt-img-holder tpg-el-image-wrap has-thumbnail\">\n\t\t\t\t\t<a data-id=\"2199\" href=\"https:\/\/nativetranslation.org\/es\/2025\/07\/28\/what-is-community-interpreting\/\" class=\"tpg-post-link\" target=\"_self\">                        <img decoding=\"async\" src=\"https:\/\/nativetranslation.org\/wp-content\/uploads\/2025\/07\/business-8676529_1280-768x350.jpg\"\n                             class=\"rt-img-responsive\"\n                             width=\"768\"\n                             height=\"350\"\n                             alt=\"Remote Online Notarization\">\n                        \n                            \n        <\/a>\n                <div class=\"overlay grid-hover-content\"><\/div>\n                        <\/div>\n\t\t\t\n\t\t\t<div class=\"entry-title-wrapper\"><h3 class=\"entry-title\"><a data-id=\"2199\" href=\"https:\/\/nativetranslation.org\/es\/2025\/07\/28\/what-is-community-interpreting\/\" class=\"tpg-post-link\" target=\"_self\">\u00bfQu\u00e9 es la interpretaci\u00f3n comunitaria?<\/a><\/h3><\/div>\n\t\t\t                <div class=\"post-meta-tags rt-el-post-meta\">\n\t\t\t\t\t            <span class='date'>\n\t\t\t\t<i class='far fa-calendar-alt'><\/i>                                    <a href=\"https:\/\/nativetranslation.org\/es\/2025\/07\/28\/\">\n\t\t\t\t\t28 de julio de 2025\t\t\t\t<\/a>\n                \t\t\t<\/span>\n                        <span class='categories-links'>\n\t\t\t\t<i class='fas fa-folder-open'><\/i><a class=\"interpretation-services\" href=\"https:\/\/nativetranslation.org\/es\/category\/interpretation-services\/\">Servicios de interpretaci\u00f3n<\/a><span class=\"rt-separator\">,<\/span><a class=\"translation-services\" href=\"https:\/\/nativetranslation.org\/es\/category\/translation-services\/\">Servicios de traducci\u00f3n<\/a>\t\t\t<\/span>\n                            <\/div>\n\t\t\t\n\n\t\t\t                <div class=\"tpg-excerpt tpg-el-excerpt\">\n\t\t\t\t\t                        <div class=\"tpg-excerpt-inner\">\n\t\t\t\t\t\t\tLa interpretaci\u00f3n comunitaria se refiere a la pr\u00e1ctica de prestar servicios de traducci\u00f3n en un entorno comunitario, con frecuencia cuando personas con un dominio limitado del idioma local necesitan ayuda. En...                        <\/div>\n\t\t\t\t\t\t\t\t\t\t                <\/div>\n\t\t\t\n\t\t\t        <div class=\"post-footer\">\n            <div class=\"post-footer\">\n                <div class=\"read-more\">\n                    <a data-id=\"2199\" href=\"https:\/\/nativetranslation.org\/es\/2025\/07\/28\/what-is-community-interpreting\/\" class=\"tpg-post-link\" target=\"_self\">Leer m\u00e1s<\/a>                <\/div>\n            <\/div>\n        <\/div>\n                <\/div>\n    <\/div>\n<\/div>\n<div class=\"rt-col-md-4 rt-col-sm-6 rt-col-xs-12 default rt-grid-item post-2197 post type-post status-publish format-standard has-post-thumbnail hentry category-interpretation-services category-translation-services tag-interpretation\"        data-id=\"2197\">\n    <div class=\"rt-holder tpg-post-holder\">\n        <div class=\"rt-detail rt-el-content-wrapper\">\n\t\t\t                <div class=\"rt-img-holder tpg-el-image-wrap has-thumbnail\">\n\t\t\t\t\t<a data-id=\"2197\" href=\"https:\/\/nativetranslation.org\/es\/2025\/07\/28\/what-is-consecutive-interpretation\/\" class=\"tpg-post-link\" target=\"_self\">                        <img decoding=\"async\" src=\"https:\/\/nativetranslation.org\/wp-content\/uploads\/2025\/07\/Simultaneous-Interpretation-1.webp\"\n                             class=\"rt-img-responsive\"\n                             width=\"514\"\n                             height=\"444\"\n                             alt=\"What is Consecutive interpretation?\">\n                        \n                            \n        <\/a>\n                <div class=\"overlay grid-hover-content\"><\/div>\n                        <\/div>\n\t\t\t\n\t\t\t<div class=\"entry-title-wrapper\"><h3 class=\"entry-title\"><a data-id=\"2197\" href=\"https:\/\/nativetranslation.org\/es\/2025\/07\/28\/what-is-consecutive-interpretation\/\" class=\"tpg-post-link\" target=\"_self\">\u00bfQu\u00e9 es la interpretaci\u00f3n consecutiva?<\/a><\/h3><\/div>\n\t\t\t                <div class=\"post-meta-tags rt-el-post-meta\">\n\t\t\t\t\t            <span class='date'>\n\t\t\t\t<i class='far fa-calendar-alt'><\/i>                                    <a href=\"https:\/\/nativetranslation.org\/es\/2025\/07\/28\/\">\n\t\t\t\t\t28 de julio de 2025\t\t\t\t<\/a>\n                \t\t\t<\/span>\n                        <span class='categories-links'>\n\t\t\t\t<i class='fas fa-folder-open'><\/i><a class=\"interpretation-services\" href=\"https:\/\/nativetranslation.org\/es\/category\/interpretation-services\/\">Servicios de interpretaci\u00f3n<\/a><span class=\"rt-separator\">,<\/span><a class=\"translation-services\" href=\"https:\/\/nativetranslation.org\/es\/category\/translation-services\/\">Servicios de traducci\u00f3n<\/a>\t\t\t<\/span>\n                            <\/div>\n\t\t\t\n\n\t\t\t                <div class=\"tpg-excerpt tpg-el-excerpt\">\n\t\t\t\t\t                        <div class=\"tpg-excerpt-inner\">\n\t\t\t\t\t\t\tLa interpretaci\u00f3n consecutiva es un tipo de interpretaci\u00f3n en el que el orador hace una pausa y el int\u00e9rprete escucha lo que dice antes de repetirlo. La interpretaci\u00f3n concurrente requiere que...                        <\/div>\n\t\t\t\t\t\t\t\t\t\t                <\/div>\n\t\t\t\n\t\t\t        <div class=\"post-footer\">\n            <div class=\"post-footer\">\n                <div class=\"read-more\">\n                    <a data-id=\"2197\" href=\"https:\/\/nativetranslation.org\/es\/2025\/07\/28\/what-is-consecutive-interpretation\/\" class=\"tpg-post-link\" target=\"_self\">Leer m\u00e1s<\/a>                <\/div>\n            <\/div>\n        <\/div>\n                <\/div>\n    <\/div>\n<\/div>\n<div class=\"rt-col-md-4 rt-col-sm-6 rt-col-xs-12 default rt-grid-item post-2139 post type-post status-publish format-standard has-post-thumbnail hentry category-interpretation-services category-translation-services tag-code-of-ethics tag-interpretation\"        data-id=\"2139\">\n    <div class=\"rt-holder tpg-post-holder\">\n        <div class=\"rt-detail rt-el-content-wrapper\">\n\t\t\t                <div class=\"rt-img-holder tpg-el-image-wrap has-thumbnail\">\n\t\t\t\t\t<a data-id=\"2139\" href=\"https:\/\/nativetranslation.org\/es\/2025\/07\/23\/ethics-code\/\" class=\"tpg-post-link\" target=\"_self\">                        <img loading=\"lazy\" decoding=\"async\" src=\"https:\/\/nativetranslation.org\/wp-content\/uploads\/2025\/07\/Untitled-design-31-768x512.png\"\n                             class=\"rt-img-responsive\"\n                             width=\"768\"\n                             height=\"512\"\n                             alt=\"Why an Ethics Code Matters\">\n                        \n                            \n        <\/a>\n                <div class=\"overlay grid-hover-content\"><\/div>\n                        <\/div>\n\t\t\t\n\t\t\t<div class=\"entry-title-wrapper\"><h3 class=\"entry-title\"><a data-id=\"2139\" href=\"https:\/\/nativetranslation.org\/es\/2025\/07\/23\/ethics-code\/\" class=\"tpg-post-link\" target=\"_self\">Por qu\u00e9 es importante un c\u00f3digo de \u00e9tica<\/a><\/h3><\/div>\n\t\t\t                <div class=\"post-meta-tags rt-el-post-meta\">\n\t\t\t\t\t            <span class='date'>\n\t\t\t\t<i class='far fa-calendar-alt'><\/i>                                    <a href=\"https:\/\/nativetranslation.org\/es\/2025\/07\/23\/\">\n\t\t\t\t\t23 de julio de 2025\t\t\t\t<\/a>\n                \t\t\t<\/span>\n                        <span class='categories-links'>\n\t\t\t\t<i class='fas fa-folder-open'><\/i><a class=\"interpretation-services\" href=\"https:\/\/nativetranslation.org\/es\/category\/interpretation-services\/\">Servicios de interpretaci\u00f3n<\/a><span class=\"rt-separator\">,<\/span><a class=\"translation-services\" href=\"https:\/\/nativetranslation.org\/es\/category\/translation-services\/\">Servicios de traducci\u00f3n<\/a>\t\t\t<\/span>\n                            <\/div>\n\t\t\t\n\n\t\t\t                <div class=\"tpg-excerpt tpg-el-excerpt\">\n\t\t\t\t\t                        <div class=\"tpg-excerpt-inner\">\n\t\t\t\t\t\t\tUn c\u00f3digo de \u00e9tica claro y ampliamente adoptado genera confianza entre clientes, agencias y usuarios finales. Protege la informaci\u00f3n confidencial, eleva los est\u00e1ndares profesionales y distingue a los ling\u00fcistas cualificados.                        <\/div>\n\t\t\t\t\t\t\t\t\t\t                <\/div>\n\t\t\t\n\t\t\t        <div class=\"post-footer\">\n            <div class=\"post-footer\">\n                <div class=\"read-more\">\n                    <a data-id=\"2139\" href=\"https:\/\/nativetranslation.org\/es\/2025\/07\/23\/ethics-code\/\" class=\"tpg-post-link\" target=\"_self\">Leer m\u00e1s<\/a>                <\/div>\n            <\/div>\n        <\/div>\n                <\/div>\n    <\/div>\n<\/div>\n\t\t\t<\/div>\n\t\t\t\n\t\t<\/div>\n\t\t\t\t\t\t<\/div>\n\t\t\t\t<\/div>\n\t\t\t\t\t<\/div>\n\t\t\t\t<\/div>\n\t\t\t\t<\/div>","protected":false},"excerpt":{"rendered":"<p>Native Translation Services Why an Ethics Code Matters July 23, 2025 Interpretation Services,Translation Services A clear, widely adopted code of ethics builds trust among clients, agencies, and end\u2011users. It protects sensitive information, elevates professional standards, and distinguishes qualified linguists&#8230; Read More Featured Posts What is Simultaneous interpretation? July 23, 2025 Uncategorized A sort of real-time [&hellip;]<\/p>\n","protected":false},"author":1,"featured_media":0,"parent":0,"menu_order":0,"comment_status":"closed","ping_status":"closed","template":"","meta":{"om_disable_all_campaigns":false,"site-sidebar-layout":"no-sidebar","site-content-layout":"page-builder","ast-site-content-layout":"full-width-container","site-content-style":"default","site-sidebar-style":"default","ast-global-header-display":"","ast-banner-title-visibility":"","ast-main-header-display":"","ast-hfb-above-header-display":"","ast-hfb-below-header-display":"","ast-hfb-mobile-header-display":"","site-post-title":"disabled","ast-breadcrumbs-content":"","ast-featured-img":"disabled","footer-sml-layout":"","ast-disable-related-posts":"","theme-transparent-header-meta":"","adv-header-id-meta":"","stick-header-meta":"","header-above-stick-meta":"","header-main-stick-meta":"","header-below-stick-meta":"","astra-migrate-meta-layouts":"set","ast-page-background-enabled":"default","ast-page-background-meta":{"desktop":{"background-color":"","background-image":"","background-repeat":"repeat","background-position":"center center","background-size":"auto","background-attachment":"scroll","background-type":"","background-media":"","overlay-type":"","overlay-color":"","overlay-opacity":"","overlay-gradient":""},"tablet":{"background-color":"","background-image":"","background-repeat":"repeat","background-position":"center center","background-size":"auto","background-attachment":"scroll","background-type":"","background-media":"","overlay-type":"","overlay-color":"","overlay-opacity":"","overlay-gradient":""},"mobile":{"background-color":"","background-image":"","background-repeat":"repeat","background-position":"center center","background-size":"auto","background-attachment":"scroll","background-type":"","background-media":"","overlay-type":"","overlay-color":"","overlay-opacity":"","overlay-gradient":""}},"ast-content-background-meta":{"desktop":{"background-color":"var(--ast-global-color-5)","background-image":"","background-repeat":"repeat","background-position":"center center","background-size":"auto","background-attachment":"scroll","background-type":"","background-media":"","overlay-type":"","overlay-color":"","overlay-opacity":"","overlay-gradient":""},"tablet":{"background-color":"var(--ast-global-color-5)","background-image":"","background-repeat":"repeat","background-position":"center center","background-size":"auto","background-attachment":"scroll","background-type":"","background-media":"","overlay-type":"","overlay-color":"","overlay-opacity":"","overlay-gradient":""},"mobile":{"background-color":"var(--ast-global-color-5)","background-image":"","background-repeat":"repeat","background-position":"center center","background-size":"auto","background-attachment":"scroll","background-type":"","background-media":"","overlay-type":"","overlay-color":"","overlay-opacity":"","overlay-gradient":""}},"footnotes":""},"class_list":["post-2167","page","type-page","status-publish","hentry"],"rttpg_featured_image_url":null,"rttpg_author":{"display_name":"nto","author_link":"https:\/\/nativetranslation.org\/es\/author\/nto\/"},"rttpg_comment":0,"rttpg_category":"","rttpg_excerpt":"Native Translation Services Why an Ethics Code Matters July 23, 2025 Interpretation Services,Translation Services A clear, widely adopted code of ethics builds trust among clients, agencies, and end\u2011users. It protects sensitive information, elevates professional standards, and distinguishes qualified linguists&#8230; Read More Featured Posts What is Simultaneous interpretation? July 23, 2025 Uncategorized A sort of real-time&hellip;","_links":{"self":[{"href":"https:\/\/nativetranslation.org\/es\/wp-json\/wp\/v2\/pages\/2167","targetHints":{"allow":["GET"]}}],"collection":[{"href":"https:\/\/nativetranslation.org\/es\/wp-json\/wp\/v2\/pages"}],"about":[{"href":"https:\/\/nativetranslation.org\/es\/wp-json\/wp\/v2\/types\/page"}],"author":[{"embeddable":true,"href":"https:\/\/nativetranslation.org\/es\/wp-json\/wp\/v2\/users\/1"}],"replies":[{"embeddable":true,"href":"https:\/\/nativetranslation.org\/es\/wp-json\/wp\/v2\/comments?post=2167"}],"version-history":[{"count":5,"href":"https:\/\/nativetranslation.org\/es\/wp-json\/wp\/v2\/pages\/2167\/revisions"}],"predecessor-version":[{"id":2193,"href":"https:\/\/nativetranslation.org\/es\/wp-json\/wp\/v2\/pages\/2167\/revisions\/2193"}],"wp:attachment":[{"href":"https:\/\/nativetranslation.org\/es\/wp-json\/wp\/v2\/media?parent=2167"}],"curies":[{"name":"gracias","href":"https:\/\/api.w.org\/{rel}","templated":true}]}}