{"id":1184,"date":"2017-09-14T10:43:12","date_gmt":"2017-09-14T10:43:12","guid":{"rendered":"https:\/\/nativetranslation.org\/about-us\/"},"modified":"2025-08-14T19:59:45","modified_gmt":"2025-08-14T19:59:45","slug":"about-us","status":"publish","type":"page","link":"https:\/\/nativetranslation.org\/es\/about-us\/","title":{"rendered":"Nosotros"},"content":{"rendered":"<div data-elementor-type=\"wp-post\" data-elementor-id=\"1184\" class=\"elementor elementor-1184\">\n\t\t\t\t\t\t<section class=\"elementor-section elementor-top-section elementor-element elementor-element-b5fb0ec elementor-section-boxed elementor-section-height-default elementor-section-height-default\" data-id=\"b5fb0ec\" data-element_type=\"section\" data-e-type=\"section\" data-settings=\"{&quot;background_background&quot;:&quot;classic&quot;}\">\n\t\t\t\t\t\t\t<div class=\"elementor-background-overlay\"><\/div>\n\t\t\t\t\t\t\t<div class=\"elementor-container elementor-column-gap-no\">\n\t\t\t\t\t<div class=\"elementor-column elementor-col-100 elementor-top-column elementor-element elementor-element-211dd39\" data-id=\"211dd39\" data-element_type=\"column\" data-e-type=\"column\">\n\t\t\t<div class=\"elementor-widget-wrap elementor-element-populated\">\n\t\t\t\t\t\t<div class=\"elementor-element elementor-element-3b23e95 elementor-widget elementor-widget-heading\" data-id=\"3b23e95\" data-element_type=\"widget\" data-e-type=\"widget\" data-widget_type=\"heading.default\">\n\t\t\t\t\t<h1 class=\"elementor-heading-title elementor-size-default\">Nosotros<\/h1>\t\t\t\t<\/div>\n\t\t\t\t<div class=\"elementor-element elementor-element-e342adf elementor-widget elementor-widget-text-editor\" data-id=\"e342adf\" data-element_type=\"widget\" data-e-type=\"widget\" data-widget_type=\"text-editor.default\">\n\t\t\t\t\t\t\t\t\t<p><strong>Traducciones e interpretaciones precisas y confiables en m\u00e1s de 30 idiomas, proporcionadas por profesionales<\/strong><\/p>\t\t\t\t\t\t\t\t<\/div>\n\t\t\t\t\t<\/div>\n\t\t<\/div>\n\t\t\t\t\t<\/div>\n\t\t<\/section>\n\t\t<div class=\"elementor-element elementor-element-a5d21d8 e-flex e-con-boxed e-con e-parent\" data-id=\"a5d21d8\" data-element_type=\"container\" data-e-type=\"container\">\n\t\t\t\t\t<div class=\"e-con-inner\">\n\t\t\t\t<div class=\"elementor-element elementor-element-a334191 elementor-widget elementor-widget-spacer\" data-id=\"a334191\" data-element_type=\"widget\" data-e-type=\"widget\" data-widget_type=\"spacer.default\">\n\t\t\t\t\t\t\t<div class=\"elementor-spacer\">\n\t\t\t<div class=\"elementor-spacer-inner\"><\/div>\n\t\t<\/div>\n\t\t\t\t\t\t<\/div>\n\t\t\t\t\t<\/div>\n\t\t\t\t<\/div>\n\t\t<div class=\"elementor-element elementor-element-3b50f28 e-flex e-con-boxed e-con e-parent\" data-id=\"3b50f28\" data-element_type=\"container\" data-e-type=\"container\">\n\t\t\t\t\t<div class=\"e-con-inner\">\n\t\t<div class=\"elementor-element elementor-element-ed241da e-con-full e-flex e-con e-child\" data-id=\"ed241da\" data-element_type=\"container\" data-e-type=\"container\">\n\t\t\t\t<div class=\"elementor-element elementor-element-f4310c5 elementor-widget elementor-widget-image\" data-id=\"f4310c5\" data-element_type=\"widget\" data-e-type=\"widget\" data-widget_type=\"image.default\">\n\t\t\t\t\t\t\t\t\t\t\t\t\t\t\t<img fetchpriority=\"high\" decoding=\"async\" width=\"1024\" height=\"1024\" src=\"https:\/\/nativetranslation.org\/wp-content\/uploads\/2023\/05\/NTS-LOGO-03-1024x1024.png\" class=\"attachment-large size-large wp-image-7\" alt=\"\" srcset=\"https:\/\/nativetranslation.org\/wp-content\/uploads\/2023\/05\/NTS-LOGO-03-1024x1024.png 1024w, https:\/\/nativetranslation.org\/wp-content\/uploads\/2023\/05\/NTS-LOGO-03-300x300.png 300w, https:\/\/nativetranslation.org\/wp-content\/uploads\/2023\/05\/NTS-LOGO-03-100x100.png 100w, https:\/\/nativetranslation.org\/wp-content\/uploads\/2023\/05\/NTS-LOGO-03-600x600.png 600w, https:\/\/nativetranslation.org\/wp-content\/uploads\/2023\/05\/NTS-LOGO-03-150x150.png 150w, https:\/\/nativetranslation.org\/wp-content\/uploads\/2023\/05\/NTS-LOGO-03-768x768.png 768w, https:\/\/nativetranslation.org\/wp-content\/uploads\/2023\/05\/NTS-LOGO-03-79x79.png 79w, https:\/\/nativetranslation.org\/wp-content\/uploads\/2023\/05\/NTS-LOGO-03.png 1251w\" sizes=\"(max-width: 1024px) 100vw, 1024px\" \/>\t\t\t\t\t\t\t\t\t\t\t\t\t\t\t<\/div>\n\t\t\t\t<\/div>\n\t\t<div class=\"elementor-element elementor-element-f824f45 e-con-full e-flex e-con e-child\" data-id=\"f824f45\" data-element_type=\"container\" data-e-type=\"container\">\n\t\t\t\t<div class=\"elementor-element elementor-element-27a009a elementor-widget elementor-widget-text-editor\" data-id=\"27a009a\" data-element_type=\"widget\" data-e-type=\"widget\" data-widget_type=\"text-editor.default\">\n\t\t\t\t\t\t\t\t\t<h3 style=\"font-style: normal; margin-bottom: 0px;\" data-elementor-setting-key=\"title\" data-pen-placeholder=\"Type Here...\">Tu aliado de confianza en traducciones certificadas<\/h3><div>\u00a0<\/div><p data-start=\"197\" data-end=\"451\"><strong data-start=\"197\" data-end=\"223\">Con sede en Austin, Texas<\/strong>,\u00a0<em data-start=\"225\" data-end=\"278\">Native Translation Services L.L.C.<\/em>\u00a0ofrece servicios ling\u00fc\u00edsticos de traducci\u00f3n escrita e interpretaci\u00f3n oral a una amplia variedad de organizaciones del sector p\u00fablico y privado.<\/p><p data-start=\"453\" data-end=\"827\">Con m\u00e1s de una d\u00e9cada de experiencia, nuestros traductores e int\u00e9rpretes altamente capacitados han brindado apoyo exitoso a proyectos en todo Estados Unidos y a nivel internacional. Estamos especializados en:\u00a0<strong data-start=\"635\" data-end=\"648\">Interpretaci\u00f3n en Persona<\/strong>,\u00a0<strong data-start=\"650\" data-end=\"687\">Interpretaci\u00f3n Telef\u00f3nica (OPI)<\/strong>, y\u00a0<strong data-start=\"693\" data-end=\"728\">Interpretaci\u00f3n Remota por V\u00eddeo (VRI).<\/strong>\u00a0Proporcionamos traducciones certificada para una amplia gama de documentos y temas especializados (financieros, acad\u00e9micos, legales, entre otros)<\/p><p data-start=\"829\" data-end=\"1153\">Nuestra misi\u00f3n es apoyar a comunidades diversas que enfrentan barreras de idioma, ofreciendo soluciones ling\u00fc\u00edsticas precisas y culturalmente competentes. Con el respaldo de un equipo altamente capacitado y experimentado. En Native Translation &amp; Interpretation Services ofrecemos apoyo en\u00a0<strong data-start=\"1077\" data-end=\"1094\">m\u00e1s de 30 idiomas<\/strong>, garantizando calidad y profesionalidad en cada trabajo.<\/p>\t\t\t\t\t\t\t\t<\/div>\n\t\t\t\t<\/div>\n\t\t\t\t\t<\/div>\n\t\t\t\t<\/div>\n\t\t<div class=\"elementor-element elementor-element-21242ea e-flex e-con-boxed e-con e-parent\" data-id=\"21242ea\" data-element_type=\"container\" data-e-type=\"container\">\n\t\t\t\t\t<div class=\"e-con-inner\">\n\t\t\t\t<div class=\"elementor-element elementor-element-aeeff15 elementor-widget elementor-widget-spacer\" data-id=\"aeeff15\" data-element_type=\"widget\" data-e-type=\"widget\" data-widget_type=\"spacer.default\">\n\t\t\t\t\t\t\t<div class=\"elementor-spacer\">\n\t\t\t<div class=\"elementor-spacer-inner\"><\/div>\n\t\t<\/div>\n\t\t\t\t\t\t<\/div>\n\t\t\t\t\t<\/div>\n\t\t\t\t<\/div>\n\t\t<div class=\"elementor-element elementor-element-0058d5e e-flex e-con-boxed e-con e-parent\" data-id=\"0058d5e\" data-element_type=\"container\" data-e-type=\"container\">\n\t\t\t\t\t<div class=\"e-con-inner\">\n\t\t<div class=\"elementor-element elementor-element-f9c0345 e-con-full e-flex e-con e-child\" data-id=\"f9c0345\" data-element_type=\"container\" data-e-type=\"container\">\n\t\t\t\t<div class=\"elementor-element elementor-element-f96dc05 elementor-widget elementor-widget-text-editor\" data-id=\"f96dc05\" data-element_type=\"widget\" data-e-type=\"widget\" data-widget_type=\"text-editor.default\">\n\t\t\t\t\t\t\t\t\t<h3><br \/><strong>Traducciones certificadas, interpretaci\u00f3n y notarizaci\u00f3n<\/strong><\/h3><p data-start=\"68\" data-end=\"398\"><strong data-start=\"68\" data-end=\"106\">Native Translation Services L.L.C.<\/strong> colaboramos con un equipo de int\u00e9rpretes altamente calificados que representan una amplia gama de or\u00edgenes ling\u00fc\u00edsticos y culturales. Nuestro compromiso es brindar soluciones ling\u00fc\u00edsticas precisas y fiables, manteniendo los m\u00e1s altos est\u00e1ndares de servicio y satisfacci\u00f3n del cliente.<\/p><p data-start=\"400\" data-end=\"564\">Nuestra misi\u00f3n es alinear cada tarea con int\u00e9rpretes que aporten la experiencia y el conocimiento del tema adecuado para garantizar una asistencia efectiva del proceso.<\/p><p data-start=\"566\" data-end=\"799\">Ofrecemos servicios de interpretaci\u00f3n profesionales  para <strong data-start=\"618\" data-end=\"644\">citas en persona<\/strong>, <strong data-start=\"646\" data-end=\"669\">consultas telef\u00f3nicas<\/strong>, y <strong data-start=\"675\" data-end=\"692\">sesiones de Zoom<\/strong>, en <strong data-start=\"717\" data-end=\"738\">m\u00e1s de 30 idiomas<\/strong> .<\/p>\t\t\t\t\t\t\t\t<\/div>\n\t\t\t\t<\/div>\n\t\t<div class=\"elementor-element elementor-element-7b94750 e-con-full e-flex e-con e-child\" data-id=\"7b94750\" data-element_type=\"container\" data-e-type=\"container\">\n\t\t\t\t<div class=\"elementor-element elementor-element-dae032e elementor-widget elementor-widget-image\" data-id=\"dae032e\" data-element_type=\"widget\" data-e-type=\"widget\" data-widget_type=\"image.default\">\n\t\t\t\t\t\t\t\t\t\t\t\t\t\t\t<img decoding=\"async\" width=\"640\" height=\"720\" src=\"https:\/\/nativetranslation.org\/wp-content\/uploads\/2025\/07\/Native-Translation-Interpretation-Service-3-1.png\" class=\"attachment-large size-large wp-image-2014\" alt=\"Native Translation Interpretation Service\" srcset=\"https:\/\/nativetranslation.org\/wp-content\/uploads\/2025\/07\/Native-Translation-Interpretation-Service-3-1.png 640w, https:\/\/nativetranslation.org\/wp-content\/uploads\/2025\/07\/Native-Translation-Interpretation-Service-3-1-600x675.png 600w, https:\/\/nativetranslation.org\/wp-content\/uploads\/2025\/07\/Native-Translation-Interpretation-Service-3-1-267x300.png 267w, https:\/\/nativetranslation.org\/wp-content\/uploads\/2025\/07\/Native-Translation-Interpretation-Service-3-1-11x12.png 11w\" sizes=\"(max-width: 640px) 100vw, 640px\" \/>\t\t\t\t\t\t\t\t\t\t\t\t\t\t\t<\/div>\n\t\t\t\t<\/div>\n\t\t\t\t\t<\/div>\n\t\t\t\t<\/div>\n\t\t\t\t<\/div>","protected":false},"excerpt":{"rendered":"<p>About Us Accurate and reliable translations and interpretations in +30 languages, provided by professionals Your Trusted Partner for Certified Translations \u00a0 Based in Austin, Texas,\u00a0Native Translation &amp; Interpretation Services L.L.C.\u00a0is a trusted multilingual language services provider offering both written translation and spoken interpretation to a wide range of public and private sector organizations. With over [&hellip;]<\/p>\n","protected":false},"author":1,"featured_media":0,"parent":0,"menu_order":0,"comment_status":"closed","ping_status":"closed","template":"","meta":{"om_disable_all_campaigns":false,"site-sidebar-layout":"no-sidebar","site-content-layout":"page-builder","ast-site-content-layout":"default","site-content-style":"default","site-sidebar-style":"default","ast-global-header-display":"","ast-banner-title-visibility":"","ast-main-header-display":"","ast-hfb-above-header-display":"","ast-hfb-below-header-display":"","ast-hfb-mobile-header-display":"","site-post-title":"","ast-breadcrumbs-content":"","ast-featured-img":"disabled","footer-sml-layout":"","ast-disable-related-posts":"","theme-transparent-header-meta":"enabled","adv-header-id-meta":"","stick-header-meta":"","header-above-stick-meta":"","header-main-stick-meta":"","header-below-stick-meta":"","astra-migrate-meta-layouts":"default","ast-page-background-enabled":"default","ast-page-background-meta":{"desktop":{"background-color":"","background-image":"","background-repeat":"repeat","background-position":"center center","background-size":"auto","background-attachment":"scroll","background-type":"","background-media":"","overlay-type":"","overlay-color":"","overlay-opacity":"","overlay-gradient":""},"tablet":{"background-color":"","background-image":"","background-repeat":"repeat","background-position":"center center","background-size":"auto","background-attachment":"scroll","background-type":"","background-media":"","overlay-type":"","overlay-color":"","overlay-opacity":"","overlay-gradient":""},"mobile":{"background-color":"","background-image":"","background-repeat":"repeat","background-position":"center center","background-size":"auto","background-attachment":"scroll","background-type":"","background-media":"","overlay-type":"","overlay-color":"","overlay-opacity":"","overlay-gradient":""}},"ast-content-background-meta":{"desktop":{"background-color":"var(--ast-global-color-5)","background-image":"","background-repeat":"repeat","background-position":"center center","background-size":"auto","background-attachment":"scroll","background-type":"","background-media":"","overlay-type":"","overlay-color":"","overlay-opacity":"","overlay-gradient":""},"tablet":{"background-color":"var(--ast-global-color-5)","background-image":"","background-repeat":"repeat","background-position":"center center","background-size":"auto","background-attachment":"scroll","background-type":"","background-media":"","overlay-type":"","overlay-color":"","overlay-opacity":"","overlay-gradient":""},"mobile":{"background-color":"var(--ast-global-color-5)","background-image":"","background-repeat":"repeat","background-position":"center center","background-size":"auto","background-attachment":"scroll","background-type":"","background-media":"","overlay-type":"","overlay-color":"","overlay-opacity":"","overlay-gradient":""}},"footnotes":""},"class_list":["post-1184","page","type-page","status-publish","hentry"],"rttpg_featured_image_url":null,"rttpg_author":{"display_name":"nto","author_link":"https:\/\/nativetranslation.org\/es\/author\/nto\/"},"rttpg_comment":0,"rttpg_category":null,"rttpg_excerpt":"About Us Accurate and reliable translations and interpretations in +30 languages, provided by professionals Your Trusted Partner for Certified Translations \u00a0 Based in Austin, Texas,\u00a0Native Translation &amp; Interpretation Services L.L.C.\u00a0is a trusted multilingual language services provider offering both written translation and spoken interpretation to a wide range of public and private sector organizations. With over&hellip;","_links":{"self":[{"href":"https:\/\/nativetranslation.org\/es\/wp-json\/wp\/v2\/pages\/1184","targetHints":{"allow":["GET"]}}],"collection":[{"href":"https:\/\/nativetranslation.org\/es\/wp-json\/wp\/v2\/pages"}],"about":[{"href":"https:\/\/nativetranslation.org\/es\/wp-json\/wp\/v2\/types\/page"}],"author":[{"embeddable":true,"href":"https:\/\/nativetranslation.org\/es\/wp-json\/wp\/v2\/users\/1"}],"replies":[{"embeddable":true,"href":"https:\/\/nativetranslation.org\/es\/wp-json\/wp\/v2\/comments?post=1184"}],"version-history":[{"count":5,"href":"https:\/\/nativetranslation.org\/es\/wp-json\/wp\/v2\/pages\/1184\/revisions"}],"predecessor-version":[{"id":2397,"href":"https:\/\/nativetranslation.org\/es\/wp-json\/wp\/v2\/pages\/1184\/revisions\/2397"}],"wp:attachment":[{"href":"https:\/\/nativetranslation.org\/es\/wp-json\/wp\/v2\/media?parent=1184"}],"curies":[{"name":"gracias","href":"https:\/\/api.w.org\/{rel}","templated":true}]}}